{"id":142,"date":"2023-10-16T16:28:17","date_gmt":"2023-10-16T14:28:17","guid":{"rendered":"http:\/\/test.markus-shiatsu.at\/?page_id=141"},"modified":"2026-02-04T17:05:17","modified_gmt":"2026-02-04T16:05:17","slug":"impressum","status":"publish","type":"page","link":"https:\/\/www.seedur.at\/en\/impressum\/","title":{"rendered":"Imprint"},"content":{"rendered":"<div data-elementor-type=\"wp-page\" data-elementor-id=\"142\" class=\"elementor elementor-142\">\n\t\t\t\t<div class=\"elementor-element elementor-element-26c256a e-flex e-con-boxed e-con e-parent\" data-id=\"26c256a\" data-element_type=\"container\" data-e-type=\"container\">\n\t\t\t\t\t<div class=\"e-con-inner\">\n\t\t\t\t<div class=\"elementor-element elementor-element-cffadb1 elementor-widget elementor-widget-text-editor\" data-id=\"cffadb1\" data-element_type=\"widget\" data-e-type=\"widget\" data-widget_type=\"text-editor.default\">\n\t\t\t\t<div class=\"elementor-widget-container\">\n\t\t\t\t\t\t\t\t\t<h3 data-start=\"1477\" data-end=\"1538\"><strong data-start=\"1477\" data-end=\"1488\">See major<\/strong><br data-start=\"1488\" data-end=\"1491\" \/>Choir of the Protestant parish Tsch\u00f6ran<\/h3><p data-start=\"1540\" data-end=\"1598\"><strong data-start=\"1540\" data-end=\"1558\">Media owner:<\/strong><br data-start=\"1558\" data-end=\"1561\" \/>Protestant parish Tsch\u00f6ran<\/p><p data-start=\"1600\" data-end=\"1681\"><strong data-start=\"1600\" data-end=\"1612\">Address:<\/strong><br data-start=\"1612\" data-end=\"1615\" \/>Tsch\u00f6ranerweg 20<br data-start=\"1631\" data-end=\"1634\" \/>9551 Bodensdorf on Lake Ossiach<br data-start=\"1666\" data-end=\"1669\" \/>Austria<\/p><p data-start=\"1683\" data-end=\"1759\"><strong data-start=\"1683\" data-end=\"1695\">Contact:<\/strong><br data-start=\"1695\" data-end=\"1698\" \/>E-mail: info(at)seedur.at<\/p><p data-start=\"1761\" data-end=\"1897\"><strong data-start=\"1761\" data-end=\"1816\">Responsible for media content according to \u00a7 25 MedienG:<\/strong><br data-start=\"1816\" data-end=\"1819\" \/>Markus Bergmann\u00a0<br data-start=\"1876\" data-end=\"1879\" \/>Hard 21<br \/>9587 Riegersdorf<\/p><hr data-start=\"1899\" data-end=\"1902\" \/><p data-start=\"1904\" data-end=\"1920\"><strong>Picture credits<\/strong><\/p><ul data-start=\"1921\" data-end=\"2067\"><li data-start=\"1921\" data-end=\"1946\"><p data-start=\"1923\" data-end=\"1946\">Logo: Gerhard Pernull<\/p><\/li><li data-start=\"1947\" data-end=\"1978\"><p data-start=\"1949\" data-end=\"1978\">Sheet music (repertoire): Freepik<\/p><\/li><li data-start=\"1979\" data-end=\"2010\"><p data-start=\"1981\" data-end=\"2010\">Calendar (Dates): Freepik<\/p><\/li><li data-start=\"2011\" data-end=\"2067\"><p data-start=\"2013\" data-end=\"2067\">Choir photos: property of the choir or choir members<\/p><\/li><\/ul>\t\t\t\t\t\t\t\t<\/div>\n\t\t\t\t<\/div>\n\t\t\t\t\t<\/div>\n\t\t\t\t<\/div>\n\t\t\t\t<\/div>","protected":false},"excerpt":{"rendered":"<p>See DurChor der Evangelischen Pfarrgemeinde Tsch\u00f6ran Medieninhaber:Evangelische Pfarrgemeinde Tsch\u00f6ran Adresse:Tsch\u00f6ranerweg 209551 Bodensdorf am Ossiacher See\u00d6sterreich Kontakt:E-Mail: info(at)seedur.at Medieninhaltlich verantwortlich gem\u00e4\u00df \u00a7 25 MedienG:Markus Bergmann\u00a0Hart 219587 Riegersdorf Bildnachweise Logo: Gerhard Pernull Noten (Repertoire): Freepik Kalender (Termine): Freepik Chorfotos: Eigentum des Chores bzw. der Chormitglieder<\/p>","protected":false},"author":1,"featured_media":0,"parent":0,"menu_order":0,"comment_status":"closed","ping_status":"closed","template":"","meta":{"site-sidebar-layout":"no-sidebar","site-content-layout":"","ast-site-content-layout":"full-width-container","site-content-style":"default","site-sidebar-style":"default","ast-global-header-display":"","ast-banner-title-visibility":"","ast-main-header-display":"","ast-hfb-above-header-display":"","ast-hfb-below-header-display":"","ast-hfb-mobile-header-display":"","site-post-title":"disabled","ast-breadcrumbs-content":"","ast-featured-img":"disabled","footer-sml-layout":"","ast-disable-related-posts":"","theme-transparent-header-meta":"","adv-header-id-meta":"","stick-header-meta":"","header-above-stick-meta":"","header-main-stick-meta":"","header-below-stick-meta":"","astra-migrate-meta-layouts":"default","ast-page-background-enabled":"default","ast-page-background-meta":{"desktop":{"background-color":"var(--ast-global-color-4)","background-image":"","background-repeat":"repeat","background-position":"center center","background-size":"auto","background-attachment":"scroll","background-type":"","background-media":"","overlay-type":"","overlay-color":"","overlay-opacity":"","overlay-gradient":""},"tablet":{"background-color":"","background-image":"","background-repeat":"repeat","background-position":"center center","background-size":"auto","background-attachment":"scroll","background-type":"","background-media":"","overlay-type":"","overlay-color":"","overlay-opacity":"","overlay-gradient":""},"mobile":{"background-color":"","background-image":"","background-repeat":"repeat","background-position":"center center","background-size":"auto","background-attachment":"scroll","background-type":"","background-media":"","overlay-type":"","overlay-color":"","overlay-opacity":"","overlay-gradient":""}},"ast-content-background-meta":{"desktop":{"background-color":"var(--ast-global-color-5)","background-image":"","background-repeat":"repeat","background-position":"center center","background-size":"auto","background-attachment":"scroll","background-type":"","background-media":"","overlay-type":"","overlay-color":"","overlay-opacity":"","overlay-gradient":""},"tablet":{"background-color":"var(--ast-global-color-5)","background-image":"","background-repeat":"repeat","background-position":"center center","background-size":"auto","background-attachment":"scroll","background-type":"","background-media":"","overlay-type":"","overlay-color":"","overlay-opacity":"","overlay-gradient":""},"mobile":{"background-color":"var(--ast-global-color-5)","background-image":"","background-repeat":"repeat","background-position":"center center","background-size":"auto","background-attachment":"scroll","background-type":"","background-media":"","overlay-type":"","overlay-color":"","overlay-opacity":"","overlay-gradient":""}},"iawp_total_views":4,"footnotes":""},"class_list":["post-142","page","type-page","status-publish","hentry"],"yoast_head":"<!-- This site is optimized with the Yoast SEO Premium plugin v27.5 (Yoast SEO v27.5) - https:\/\/yoast.com\/product\/yoast-seo-premium-wordpress\/ -->\n<title>Impressum - See-Dur<\/title>\n<meta name=\"robots\" content=\"index, follow, max-snippet:-1, max-image-preview:large, max-video-preview:-1\" \/>\n<link rel=\"canonical\" href=\"https:\/\/www.seedur.at\/en\/impressum\/\" \/>\n<meta property=\"og:locale\" content=\"en_GB\" \/>\n<meta property=\"og:type\" content=\"article\" \/>\n<meta property=\"og:title\" content=\"Impressum\" \/>\n<meta property=\"og:description\" content=\"See DurChor der Evangelischen Pfarrgemeinde Tsch\u00f6ran Medieninhaber:Evangelische Pfarrgemeinde Tsch\u00f6ran Adresse:Tsch\u00f6ranerweg 209551 Bodensdorf am Ossiacher See\u00d6sterreich Kontakt:E-Mail: info(at)seedur.at Medieninhaltlich verantwortlich gem\u00e4\u00df \u00a7 25 MedienG:Markus Bergmann\u00a0Hart 219587 Riegersdorf Bildnachweise Logo: Gerhard Pernull Noten (Repertoire): Freepik Kalender (Termine): Freepik Chorfotos: Eigentum des Chores bzw. der Chormitglieder\" \/>\n<meta property=\"og:url\" content=\"https:\/\/www.seedur.at\/en\/impressum\/\" \/>\n<meta property=\"og:site_name\" content=\"See-Dur\" \/>\n<meta property=\"article:modified_time\" content=\"2026-02-04T16:05:17+00:00\" \/>\n<meta property=\"og:image\" content=\"https:\/\/www.seedur.at\/wp-content\/uploads\/2023\/10\/See-Dur-4.jpg\" \/>\n\t<meta property=\"og:image:width\" content=\"1869\" \/>\n\t<meta property=\"og:image:height\" content=\"1280\" \/>\n\t<meta property=\"og:image:type\" content=\"image\/jpeg\" \/>\n<script type=\"application\/ld+json\" class=\"yoast-schema-graph\">{\"@context\":\"https:\\\/\\\/schema.org\",\"@graph\":[{\"@type\":\"WebPage\",\"@id\":\"https:\\\/\\\/www.seedur.at\\\/impressum\\\/\",\"url\":\"https:\\\/\\\/www.seedur.at\\\/impressum\\\/\",\"name\":\"Impressum - See-Dur\",\"isPartOf\":{\"@id\":\"https:\\\/\\\/www.seedur.at\\\/#website\"},\"datePublished\":\"2023-10-16T14:28:17+00:00\",\"dateModified\":\"2026-02-04T16:05:17+00:00\",\"breadcrumb\":{\"@id\":\"https:\\\/\\\/www.seedur.at\\\/impressum\\\/#breadcrumb\"},\"inLanguage\":\"en-GB\",\"potentialAction\":[{\"@type\":\"ReadAction\",\"target\":[\"https:\\\/\\\/www.seedur.at\\\/impressum\\\/\"]}]},{\"@type\":\"BreadcrumbList\",\"@id\":\"https:\\\/\\\/www.seedur.at\\\/impressum\\\/#breadcrumb\",\"itemListElement\":[{\"@type\":\"ListItem\",\"position\":1,\"name\":\"Startseite\",\"item\":\"https:\\\/\\\/www.seedur.at\\\/\"},{\"@type\":\"ListItem\",\"position\":2,\"name\":\"Impressum\"}]},{\"@type\":\"WebSite\",\"@id\":\"https:\\\/\\\/www.seedur.at\\\/#website\",\"url\":\"https:\\\/\\\/www.seedur.at\\\/\",\"name\":\"See-Dur\",\"description\":\"Chor der evangelischen Pfarrgemeinde Tsch\u00f6ran\",\"publisher\":{\"@id\":\"https:\\\/\\\/www.seedur.at\\\/#organization\"},\"potentialAction\":[{\"@type\":\"SearchAction\",\"target\":{\"@type\":\"EntryPoint\",\"urlTemplate\":\"https:\\\/\\\/www.seedur.at\\\/?s={search_term_string}\"},\"query-input\":{\"@type\":\"PropertyValueSpecification\",\"valueRequired\":true,\"valueName\":\"search_term_string\"}}],\"inLanguage\":\"en-GB\"},{\"@type\":\"Organization\",\"@id\":\"https:\\\/\\\/www.seedur.at\\\/#organization\",\"name\":\"See Dur - Chor der evangelischen Pfarrgemeinde Tsch\u00f6ran am Ossiacher See\",\"alternateName\":\"Chor der evangelischen Pfarrgemeinde Tsch\u00f6ran am Ossiacher See\",\"url\":\"https:\\\/\\\/www.seedur.at\\\/\",\"logo\":{\"@type\":\"ImageObject\",\"inLanguage\":\"en-GB\",\"@id\":\"https:\\\/\\\/www.seedur.at\\\/#\\\/schema\\\/logo\\\/image\\\/\",\"url\":\"https:\\\/\\\/www.seedur.at\\\/wp-content\\\/uploads\\\/2023\\\/10\\\/See-Dur-2.jpg_compressed.jpg\",\"contentUrl\":\"https:\\\/\\\/www.seedur.at\\\/wp-content\\\/uploads\\\/2023\\\/10\\\/See-Dur-2.jpg_compressed.jpg\",\"width\":1544,\"height\":1280,\"caption\":\"See Dur - Chor der evangelischen Pfarrgemeinde Tsch\u00f6ran am Ossiacher See\"},\"image\":{\"@id\":\"https:\\\/\\\/www.seedur.at\\\/#\\\/schema\\\/logo\\\/image\\\/\"}}]}<\/script>\n<!-- \/ Yoast SEO Premium plugin. -->","yoast_head_json":{"title":"Impressum - See-Dur","robots":{"index":"index","follow":"follow","max-snippet":"max-snippet:-1","max-image-preview":"max-image-preview:large","max-video-preview":"max-video-preview:-1"},"canonical":"https:\/\/www.seedur.at\/en\/impressum\/","og_locale":"en_GB","og_type":"article","og_title":"Impressum","og_description":"See DurChor der Evangelischen Pfarrgemeinde Tsch\u00f6ran Medieninhaber:Evangelische Pfarrgemeinde Tsch\u00f6ran Adresse:Tsch\u00f6ranerweg 209551 Bodensdorf am Ossiacher See\u00d6sterreich Kontakt:E-Mail: info(at)seedur.at Medieninhaltlich verantwortlich gem\u00e4\u00df \u00a7 25 MedienG:Markus Bergmann\u00a0Hart 219587 Riegersdorf Bildnachweise Logo: Gerhard Pernull Noten (Repertoire): Freepik Kalender (Termine): Freepik Chorfotos: Eigentum des Chores bzw. der Chormitglieder","og_url":"https:\/\/www.seedur.at\/en\/impressum\/","og_site_name":"See-Dur","article_modified_time":"2026-02-04T16:05:17+00:00","og_image":[{"width":1869,"height":1280,"url":"https:\/\/www.seedur.at\/wp-content\/uploads\/2023\/10\/See-Dur-4.jpg","type":"image\/jpeg"}],"schema":{"@context":"https:\/\/schema.org","@graph":[{"@type":"WebPage","@id":"https:\/\/www.seedur.at\/impressum\/","url":"https:\/\/www.seedur.at\/impressum\/","name":"Impressum - See-Dur","isPartOf":{"@id":"https:\/\/www.seedur.at\/#website"},"datePublished":"2023-10-16T14:28:17+00:00","dateModified":"2026-02-04T16:05:17+00:00","breadcrumb":{"@id":"https:\/\/www.seedur.at\/impressum\/#breadcrumb"},"inLanguage":"en-GB","potentialAction":[{"@type":"ReadAction","target":["https:\/\/www.seedur.at\/impressum\/"]}]},{"@type":"BreadcrumbList","@id":"https:\/\/www.seedur.at\/impressum\/#breadcrumb","itemListElement":[{"@type":"ListItem","position":1,"name":"Startseite","item":"https:\/\/www.seedur.at\/"},{"@type":"ListItem","position":2,"name":"Impressum"}]},{"@type":"WebSite","@id":"https:\/\/www.seedur.at\/#website","url":"https:\/\/www.seedur.at\/","name":"Sea Major","description":"Choir of the Protestant parish Tsch\u00f6ran","publisher":{"@id":"https:\/\/www.seedur.at\/#organization"},"potentialAction":[{"@type":"SearchAction","target":{"@type":"EntryPoint","urlTemplate":"https:\/\/www.seedur.at\/?s={search_term_string}"},"query-input":{"@type":"PropertyValueSpecification","valueRequired":true,"valueName":"search_term_string"}}],"inLanguage":"en-GB"},{"@type":"Organization","@id":"https:\/\/www.seedur.at\/#organization","name":"See Dur - Choir of the Protestant parish Tsch\u00f6ran at Lake Ossiach","alternateName":"Chor der evangelischen Pfarrgemeinde Tsch\u00f6ran am Ossiacher See","url":"https:\/\/www.seedur.at\/","logo":{"@type":"ImageObject","inLanguage":"en-GB","@id":"https:\/\/www.seedur.at\/#\/schema\/logo\/image\/","url":"https:\/\/www.seedur.at\/wp-content\/uploads\/2023\/10\/See-Dur-2.jpg_compressed.jpg","contentUrl":"https:\/\/www.seedur.at\/wp-content\/uploads\/2023\/10\/See-Dur-2.jpg_compressed.jpg","width":1544,"height":1280,"caption":"See Dur - Chor der evangelischen Pfarrgemeinde Tsch\u00f6ran am Ossiacher See"},"image":{"@id":"https:\/\/www.seedur.at\/#\/schema\/logo\/image\/"}}]}},"_links":{"self":[{"href":"https:\/\/www.seedur.at\/en\/wp-json\/wp\/v2\/pages\/142","targetHints":{"allow":["GET"]}}],"collection":[{"href":"https:\/\/www.seedur.at\/en\/wp-json\/wp\/v2\/pages"}],"about":[{"href":"https:\/\/www.seedur.at\/en\/wp-json\/wp\/v2\/types\/page"}],"author":[{"embeddable":true,"href":"https:\/\/www.seedur.at\/en\/wp-json\/wp\/v2\/users\/1"}],"replies":[{"embeddable":true,"href":"https:\/\/www.seedur.at\/en\/wp-json\/wp\/v2\/comments?post=142"}],"version-history":[{"count":90,"href":"https:\/\/www.seedur.at\/en\/wp-json\/wp\/v2\/pages\/142\/revisions"}],"predecessor-version":[{"id":1782,"href":"https:\/\/www.seedur.at\/en\/wp-json\/wp\/v2\/pages\/142\/revisions\/1782"}],"wp:attachment":[{"href":"https:\/\/www.seedur.at\/en\/wp-json\/wp\/v2\/media?parent=142"}],"curies":[{"name":"wp","href":"https:\/\/api.w.org\/{rel}","templated":true}]}}