{"id":3,"date":"2023-10-16T19:38:46","date_gmt":"2023-10-16T17:38:46","guid":{"rendered":"http:\/\/v2.seedur.at\/?page_id=3"},"modified":"2026-04-25T11:04:12","modified_gmt":"2026-04-25T09:04:12","slug":"datenschutzerklaerung","status":"publish","type":"page","link":"https:\/\/www.seedur.at\/en\/datenschutzerklaerung\/","title":{"rendered":"Privacy policy"},"content":{"rendered":"<div data-elementor-type=\"wp-page\" data-elementor-id=\"3\" class=\"elementor elementor-3\">\n\t\t\t\t<div class=\"elementor-element elementor-element-e48e6bf e-flex e-con-boxed e-con e-parent\" data-id=\"e48e6bf\" data-element_type=\"container\" data-e-type=\"container\">\n\t\t\t\t\t<div class=\"e-con-inner\">\n\t\t\t\t<div class=\"elementor-element elementor-element-f74f6da elementor-widget elementor-widget-heading\" data-id=\"f74f6da\" data-element_type=\"widget\" data-e-type=\"widget\" data-widget_type=\"heading.default\">\n\t\t\t\t<div class=\"elementor-widget-container\">\n\t\t\t\t\t<h2 class=\"elementor-heading-title elementor-size-default\">Privacy policy<\/h2>\t\t\t\t<\/div>\n\t\t\t\t<\/div>\n\t\t\t\t\t<\/div>\n\t\t\t\t<\/div>\n\t\t<div class=\"elementor-element elementor-element-35541045 e-flex e-con-boxed e-con e-parent\" data-id=\"35541045\" data-element_type=\"container\" data-e-type=\"container\">\n\t\t\t\t\t<div class=\"e-con-inner\">\n\t\t\t\t<div class=\"elementor-element elementor-element-5d673726 elementor-widget elementor-widget-text-editor\" data-id=\"5d673726\" data-element_type=\"widget\" data-e-type=\"widget\" data-widget_type=\"text-editor.default\">\n\t\t\t\t<div class=\"elementor-widget-container\">\n\t\t\t\t\t\t\t\t\t\n<h2 class=\"wp-block-heading\" data-start=\"280\" data-end=\"298\">1. introduction<\/h2>\n<p class=\"\" data-start=\"299\" data-end=\"606\">The protection of your personal data is of particular concern to us. We process your data exclusively on the basis of the statutory provisions (GDPR, DSG, TKG 2021). In this privacy policy, we inform you about the most important aspects of data processing on our website.<\/p>\n<hr class=\"\" data-start=\"608\" data-end=\"611\" \/>\n<h2 class=\"\" data-start=\"613\" data-end=\"637\">2. responsible person<\/h2>\n<p class=\"\" data-start=\"638\" data-end=\"758\"><strong data-start=\"638\" data-end=\"657\">Markus Bergmann<\/strong><br data-start=\"657\" data-end=\"660\" \/>Hard 21<br \/>9587 Riegersdorf<br \/>info@markus-shiatsu.at<\/p>\n<hr class=\"\" data-start=\"760\" data-end=\"763\" \/>\n<h2 class=\"\" data-start=\"765\" data-end=\"788\">3. making contact<\/h2>\n<p class=\"\" data-start=\"789\" data-end=\"1047\">If you contact us by e-mail or via the contact form on our website, the data you provide (e.g. name, e-mail address, message) will be stored by us for the purpose of processing the enquiry and in the event of follow-up questions.<\/p>\n<p class=\"\" data-start=\"1049\" data-end=\"1147\"><strong data-start=\"1049\" data-end=\"1069\">Legal basis:<\/strong> Art. 6 para. 1 lit. b GDPR (fulfilment of contract or pre-contractual measures)<\/p>\n<p class=\"\" data-start=\"1149\" data-end=\"1207\">We do not pass on this data without your consent.<\/p>\n<hr class=\"\" data-start=\"1209\" data-end=\"1212\" \/>\n<h2 class=\"\" data-start=\"1214\" data-end=\"1237\">4. server log files<\/h2>\n<p class=\"\" data-start=\"1238\" data-end=\"1372\">When you visit our website, the hosting provider automatically saves information in so-called server log files. These include<\/p>\n<ul data-start=\"1374\" data-end=\"1539\">\n<li class=\"\" data-start=\"1374\" data-end=\"1388\">\n<p class=\"\" data-start=\"1376\" data-end=\"1388\">IP address<\/p>\n<\/li>\n<li class=\"\" data-start=\"1389\" data-end=\"1422\">\n<p class=\"\" data-start=\"1391\" data-end=\"1422\">Date and time of the train call<\/p>\n<\/li>\n<li class=\"\" data-start=\"1423\" data-end=\"1450\">\n<p class=\"\" data-start=\"1425\" data-end=\"1450\">Page\/file called up<\/p>\n<\/li>\n<li class=\"\" data-start=\"1451\" data-end=\"1478\">\n<p class=\"\" data-start=\"1453\" data-end=\"1478\">Browser type and version<\/p>\n<\/li>\n<li class=\"\" data-start=\"1479\" data-end=\"1497\">\n<p class=\"\" data-start=\"1481\" data-end=\"1497\">Operating system<\/p>\n<\/li>\n<li class=\"\" data-start=\"1498\" data-end=\"1539\">\n<p class=\"\" data-start=\"1500\" data-end=\"1539\">Referrer URL (the previously visited page)<\/p>\n<\/li>\n<\/ul>\n<p class=\"\" data-start=\"1541\" data-end=\"1699\">This data is technically necessary to provide the website and is used for system security, error analysis and protection against attacks.<\/p>\n<p class=\"\" data-start=\"1701\" data-end=\"1773\"><strong data-start=\"1701\" data-end=\"1721\">Legal basis:<\/strong> Art. 6 para. 1 lit. f GDPR (legitimate interest)<\/p>\n<hr class=\"\" data-start=\"1775\" data-end=\"1778\" \/>\n<h2 class=\"\" data-start=\"1780\" data-end=\"1795\">5. cookies<\/h2>\n<p class=\"\" data-start=\"1796\" data-end=\"1986\">Our website only uses technically necessary cookies that are required for the basic function of the site (e.g. for display, navigation or form function).<\/p>\n<p class=\"\" data-start=\"1988\" data-end=\"2116\">We use <strong data-start=\"2002\" data-end=\"2044\">No tracking or marketing cookies<\/strong>. Consent via a cookie banner is therefore not required.<\/p>\n<p class=\"\" data-start=\"2118\" data-end=\"2160\"><strong data-start=\"2118\" data-end=\"2138\">Legal basis:<\/strong> \u00a7 Section 165 (3) TKG 2021<\/p>\n<hr class=\"\" data-start=\"2162\" data-end=\"2165\" \/>\n<h2 class=\"\" data-start=\"2167\" data-end=\"2202\">6. integration of external services<\/h2>\n<h3 class=\"\" data-start=\"2203\" data-end=\"2221\">a) Writings<\/h3>\n<p class=\"\" data-start=\"2222\" data-end=\"2450\">For a visually appealing presentation we use <strong data-start=\"2274\" data-end=\"2305\">locally integrated web fonts<\/strong> (e.g. Google Fonts). This is done <strong data-start=\"2345\" data-end=\"2384\">No connection to third-party servers<\/strong> such as Google. Your IP address is <strong data-start=\"2418\" data-end=\"2427\">not<\/strong> transmitted to Google.<\/p>\n<hr class=\"\" data-start=\"2452\" data-end=\"2455\" \/>\n<h2 class=\"\" data-start=\"2457\" data-end=\"2478\">7. storage period<\/h2>\n<p class=\"\" data-start=\"2479\" data-end=\"2786\">Contact data that you send us will be stored for as long as is necessary to process your enquiry. Server log files are generally stored for 14 days and then automatically deleted, unless there is a security-related need for longer storage.<\/p>\n<hr class=\"\" data-start=\"2788\" data-end=\"2791\" \/>\n<h2 class=\"\" data-start=\"2793\" data-end=\"2812\">8. your rights<\/h2>\n<p class=\"\" data-start=\"2813\" data-end=\"2847\">You have the right to at any time:<\/p>\n<ul data-start=\"2849\" data-end=\"3204\">\n<li class=\"\" data-start=\"2849\" data-end=\"2877\">\n<p class=\"\" data-start=\"2851\" data-end=\"2877\">Information (Art. 15 GDPR)<\/p>\n<\/li>\n<li class=\"\" data-start=\"2878\" data-end=\"2910\">\n<p class=\"\" data-start=\"2880\" data-end=\"2910\">Rectification (Art. 16 GDPR)<\/p>\n<\/li>\n<li class=\"\" data-start=\"2911\" data-end=\"2939\">\n<p class=\"\" data-start=\"2913\" data-end=\"2939\">Erasure (Art. 17 GDPR)<\/p>\n<\/li>\n<li class=\"\" data-start=\"2940\" data-end=\"2990\">\n<p class=\"\" data-start=\"2942\" data-end=\"2990\">Restriction of processing (Art. 18 GDPR)<\/p>\n<\/li>\n<li class=\"\" data-start=\"2991\" data-end=\"3031\">\n<p class=\"\" data-start=\"2993\" data-end=\"3031\">Data portability (Art. 20 GDPR)<\/p>\n<\/li>\n<li class=\"\" data-start=\"3032\" data-end=\"3086\">\n<p class=\"\" data-start=\"3034\" data-end=\"3086\">Objection to the processing (Art. 21 GDPR)<\/p>\n<\/li>\n<li class=\"\" data-start=\"3087\" data-end=\"3140\">\n<p class=\"\" data-start=\"3089\" data-end=\"3140\">Withdrawal of consent (Art. 7 para. 3 GDPR)<\/p>\n<\/li>\n<li class=\"\" data-start=\"3141\" data-end=\"3204\">\n<p class=\"\" data-start=\"3143\" data-end=\"3204\">Complaint to the data protection authority (<a target=\"_new\" rel=\"noopener\" data-start=\"3182\" data-end=\"3203\">https:\/\/www.dsb.gv.at<\/a>)<\/p>\n<\/li>\n<\/ul>\n<hr class=\"\" data-start=\"3206\" data-end=\"3209\" \/>\n<h2 class=\"\" data-start=\"3211\" data-end=\"3234\">9. data security<\/h2>\n<p class=\"\" data-start=\"3235\" data-end=\"3400\">We use technical and organisational security measures to protect your personal data against unauthorised access, loss or manipulation.<\/p>\n<hr class=\"\" data-start=\"3402\" data-end=\"3405\" \/>\n<h2 class=\"\" data-start=\"3407\" data-end=\"3426\">10. changes<\/h2>\n<p class=\"\" data-start=\"3427\" data-end=\"3564\">This privacy policy may be amended if necessary, for example in the event of legal changes or technical innovations on the website.<\/p>\n<h2>12. web hosting<\/h2>\n<p>This website is operated on its own server (Synology NAS).<br \/>The personal data collected when using this website is stored on this server. This applies in particular to IP addresses, meta and communication data, contract data, contact data, names, website accesses and other data generated via a website.<br \/>The processing is carried out for the purpose of providing and securely operating the website (Art. 6 para. 1 lit. f GDPR).<br \/>This data is not passed on to external hosting providers unless there is a legal obligation to do so.<br \/>The server is located in Austria.<\/p>\n<p class=\"\" data-start=\"3566\" data-end=\"3603\"><strong data-start=\"3566\" data-end=\"3592\">Last updated:<\/strong> April 2025<\/p>\n\t\t\t\t\t\t\t\t<\/div>\n\t\t\t\t<\/div>\n\t\t\t\t\t<\/div>\n\t\t\t\t<\/div>\n\t\t\t\t<\/div>","protected":false},"excerpt":{"rendered":"<p>Datenschutzerkl\u00e4rung 1. Einleitung Der Schutz Ihrer pers\u00f6nlichen Daten ist uns ein besonderes Anliegen. Wir verarbeiten Ihre Daten ausschlie\u00dflich auf Grundlage der gesetzlichen Bestimmungen (DSGVO, DSG, TKG 2021). In dieser Datenschutzerkl\u00e4rung informieren wir Sie \u00fcber die wichtigsten Aspekte der Datenverarbeitung im Rahmen unserer Website. 2. Verantwortlicher Markus BergmannHart 219587 Riegersdorfinfo@markus-shiatsu.at 3. Kontaktaufnahme Wenn Sie per E-Mail [&hellip;]<\/p>\n","protected":false},"author":1,"featured_media":0,"parent":0,"menu_order":0,"comment_status":"closed","ping_status":"open","template":"","meta":{"site-sidebar-layout":"default","site-content-layout":"","ast-site-content-layout":"","site-content-style":"default","site-sidebar-style":"default","ast-global-header-display":"","ast-banner-title-visibility":"","ast-main-header-display":"","ast-hfb-above-header-display":"","ast-hfb-below-header-display":"","ast-hfb-mobile-header-display":"","site-post-title":"disabled","ast-breadcrumbs-content":"","ast-featured-img":"","footer-sml-layout":"","ast-disable-related-posts":"","theme-transparent-header-meta":"","adv-header-id-meta":"","stick-header-meta":"","header-above-stick-meta":"","header-main-stick-meta":"","header-below-stick-meta":"","astra-migrate-meta-layouts":"default","ast-page-background-enabled":"default","ast-page-background-meta":{"desktop":{"background-color":"var(--ast-global-color-4)","background-image":"","background-repeat":"repeat","background-position":"center center","background-size":"auto","background-attachment":"scroll","background-type":"","background-media":"","overlay-type":"","overlay-color":"","overlay-opacity":"","overlay-gradient":""},"tablet":{"background-color":"","background-image":"","background-repeat":"repeat","background-position":"center center","background-size":"auto","background-attachment":"scroll","background-type":"","background-media":"","overlay-type":"","overlay-color":"","overlay-opacity":"","overlay-gradient":""},"mobile":{"background-color":"","background-image":"","background-repeat":"repeat","background-position":"center center","background-size":"auto","background-attachment":"scroll","background-type":"","background-media":"","overlay-type":"","overlay-color":"","overlay-opacity":"","overlay-gradient":""}},"ast-content-background-meta":{"desktop":{"background-color":"var(--ast-global-color-5)","background-image":"","background-repeat":"repeat","background-position":"center center","background-size":"auto","background-attachment":"scroll","background-type":"","background-media":"","overlay-type":"","overlay-color":"","overlay-opacity":"","overlay-gradient":""},"tablet":{"background-color":"var(--ast-global-color-5)","background-image":"","background-repeat":"repeat","background-position":"center center","background-size":"auto","background-attachment":"scroll","background-type":"","background-media":"","overlay-type":"","overlay-color":"","overlay-opacity":"","overlay-gradient":""},"mobile":{"background-color":"var(--ast-global-color-5)","background-image":"","background-repeat":"repeat","background-position":"center center","background-size":"auto","background-attachment":"scroll","background-type":"","background-media":"","overlay-type":"","overlay-color":"","overlay-opacity":"","overlay-gradient":""}},"iawp_total_views":0,"footnotes":""},"class_list":["post-3","page","type-page","status-publish","hentry"],"yoast_head":"<!-- This site is optimized with the Yoast SEO Premium plugin v27.5 (Yoast SEO v27.5) - https:\/\/yoast.com\/product\/yoast-seo-premium-wordpress\/ -->\n<title>Datenschutzerkl\u00e4rung - See-Dur<\/title>\n<meta name=\"robots\" content=\"index, follow, max-snippet:-1, max-image-preview:large, max-video-preview:-1\" \/>\n<link rel=\"canonical\" href=\"https:\/\/www.seedur.at\/en\/datenschutzerklaerung\/\" \/>\n<meta property=\"og:locale\" content=\"en_GB\" \/>\n<meta property=\"og:type\" content=\"article\" \/>\n<meta property=\"og:title\" content=\"Datenschutzerkl\u00e4rung\" \/>\n<meta property=\"og:description\" content=\"Datenschutzerkl\u00e4rung 1. Einleitung Der Schutz Ihrer pers\u00f6nlichen Daten ist uns ein besonderes Anliegen. Wir verarbeiten Ihre Daten ausschlie\u00dflich auf Grundlage der gesetzlichen Bestimmungen (DSGVO, DSG, TKG 2021). In dieser Datenschutzerkl\u00e4rung informieren wir Sie \u00fcber die wichtigsten Aspekte der Datenverarbeitung im Rahmen unserer Website. 2. Verantwortlicher Markus BergmannHart 219587 Riegersdorfinfo@markus-shiatsu.at 3. Kontaktaufnahme Wenn Sie per E-Mail [&hellip;]\" \/>\n<meta property=\"og:url\" content=\"https:\/\/www.seedur.at\/en\/datenschutzerklaerung\/\" \/>\n<meta property=\"og:site_name\" content=\"See-Dur\" \/>\n<meta property=\"article:modified_time\" content=\"2026-04-25T09:04:12+00:00\" \/>\n<meta property=\"og:image\" content=\"https:\/\/www.seedur.at\/wp-content\/uploads\/2023\/10\/See-Dur-4.jpg\" \/>\n\t<meta property=\"og:image:width\" content=\"1869\" \/>\n\t<meta property=\"og:image:height\" content=\"1280\" \/>\n\t<meta property=\"og:image:type\" content=\"image\/jpeg\" \/>\n<script type=\"application\/ld+json\" class=\"yoast-schema-graph\">{\"@context\":\"https:\\\/\\\/schema.org\",\"@graph\":[{\"@type\":\"WebPage\",\"@id\":\"https:\\\/\\\/www.seedur.at\\\/datenschutzerklaerung\\\/\",\"url\":\"https:\\\/\\\/www.seedur.at\\\/datenschutzerklaerung\\\/\",\"name\":\"Datenschutzerkl\u00e4rung - See-Dur\",\"isPartOf\":{\"@id\":\"https:\\\/\\\/www.seedur.at\\\/#website\"},\"datePublished\":\"2023-10-16T17:38:46+00:00\",\"dateModified\":\"2026-04-25T09:04:12+00:00\",\"breadcrumb\":{\"@id\":\"https:\\\/\\\/www.seedur.at\\\/datenschutzerklaerung\\\/#breadcrumb\"},\"inLanguage\":\"en-GB\",\"potentialAction\":[{\"@type\":\"ReadAction\",\"target\":[\"https:\\\/\\\/www.seedur.at\\\/datenschutzerklaerung\\\/\"]}]},{\"@type\":\"BreadcrumbList\",\"@id\":\"https:\\\/\\\/www.seedur.at\\\/datenschutzerklaerung\\\/#breadcrumb\",\"itemListElement\":[{\"@type\":\"ListItem\",\"position\":1,\"name\":\"Startseite\",\"item\":\"https:\\\/\\\/www.seedur.at\\\/\"},{\"@type\":\"ListItem\",\"position\":2,\"name\":\"Datenschutzerkl\u00e4rung\"}]},{\"@type\":\"WebSite\",\"@id\":\"https:\\\/\\\/www.seedur.at\\\/#website\",\"url\":\"https:\\\/\\\/www.seedur.at\\\/\",\"name\":\"See-Dur\",\"description\":\"Chor der evangelischen Pfarrgemeinde Tsch\u00f6ran\",\"publisher\":{\"@id\":\"https:\\\/\\\/www.seedur.at\\\/#organization\"},\"potentialAction\":[{\"@type\":\"SearchAction\",\"target\":{\"@type\":\"EntryPoint\",\"urlTemplate\":\"https:\\\/\\\/www.seedur.at\\\/?s={search_term_string}\"},\"query-input\":{\"@type\":\"PropertyValueSpecification\",\"valueRequired\":true,\"valueName\":\"search_term_string\"}}],\"inLanguage\":\"en-GB\"},{\"@type\":\"Organization\",\"@id\":\"https:\\\/\\\/www.seedur.at\\\/#organization\",\"name\":\"See Dur - Chor der evangelischen Pfarrgemeinde Tsch\u00f6ran am Ossiacher See\",\"alternateName\":\"Chor der evangelischen Pfarrgemeinde Tsch\u00f6ran am Ossiacher See\",\"url\":\"https:\\\/\\\/www.seedur.at\\\/\",\"logo\":{\"@type\":\"ImageObject\",\"inLanguage\":\"en-GB\",\"@id\":\"https:\\\/\\\/www.seedur.at\\\/#\\\/schema\\\/logo\\\/image\\\/\",\"url\":\"https:\\\/\\\/www.seedur.at\\\/wp-content\\\/uploads\\\/2023\\\/10\\\/See-Dur-2.jpg_compressed.jpg\",\"contentUrl\":\"https:\\\/\\\/www.seedur.at\\\/wp-content\\\/uploads\\\/2023\\\/10\\\/See-Dur-2.jpg_compressed.jpg\",\"width\":1544,\"height\":1280,\"caption\":\"See Dur - Chor der evangelischen Pfarrgemeinde Tsch\u00f6ran am Ossiacher See\"},\"image\":{\"@id\":\"https:\\\/\\\/www.seedur.at\\\/#\\\/schema\\\/logo\\\/image\\\/\"}}]}<\/script>\n<!-- \/ Yoast SEO Premium plugin. -->","yoast_head_json":{"title":"Datenschutzerkl\u00e4rung - See-Dur","robots":{"index":"index","follow":"follow","max-snippet":"max-snippet:-1","max-image-preview":"max-image-preview:large","max-video-preview":"max-video-preview:-1"},"canonical":"https:\/\/www.seedur.at\/en\/datenschutzerklaerung\/","og_locale":"en_GB","og_type":"article","og_title":"Datenschutzerkl\u00e4rung","og_description":"Datenschutzerkl\u00e4rung 1. Einleitung Der Schutz Ihrer pers\u00f6nlichen Daten ist uns ein besonderes Anliegen. Wir verarbeiten Ihre Daten ausschlie\u00dflich auf Grundlage der gesetzlichen Bestimmungen (DSGVO, DSG, TKG 2021). In dieser Datenschutzerkl\u00e4rung informieren wir Sie \u00fcber die wichtigsten Aspekte der Datenverarbeitung im Rahmen unserer Website. 2. Verantwortlicher Markus BergmannHart 219587 Riegersdorfinfo@markus-shiatsu.at 3. Kontaktaufnahme Wenn Sie per E-Mail [&hellip;]","og_url":"https:\/\/www.seedur.at\/en\/datenschutzerklaerung\/","og_site_name":"See-Dur","article_modified_time":"2026-04-25T09:04:12+00:00","og_image":[{"width":1869,"height":1280,"url":"https:\/\/www.seedur.at\/wp-content\/uploads\/2023\/10\/See-Dur-4.jpg","type":"image\/jpeg"}],"schema":{"@context":"https:\/\/schema.org","@graph":[{"@type":"WebPage","@id":"https:\/\/www.seedur.at\/datenschutzerklaerung\/","url":"https:\/\/www.seedur.at\/datenschutzerklaerung\/","name":"Datenschutzerkl\u00e4rung - See-Dur","isPartOf":{"@id":"https:\/\/www.seedur.at\/#website"},"datePublished":"2023-10-16T17:38:46+00:00","dateModified":"2026-04-25T09:04:12+00:00","breadcrumb":{"@id":"https:\/\/www.seedur.at\/datenschutzerklaerung\/#breadcrumb"},"inLanguage":"en-GB","potentialAction":[{"@type":"ReadAction","target":["https:\/\/www.seedur.at\/datenschutzerklaerung\/"]}]},{"@type":"BreadcrumbList","@id":"https:\/\/www.seedur.at\/datenschutzerklaerung\/#breadcrumb","itemListElement":[{"@type":"ListItem","position":1,"name":"Startseite","item":"https:\/\/www.seedur.at\/"},{"@type":"ListItem","position":2,"name":"Datenschutzerkl\u00e4rung"}]},{"@type":"WebSite","@id":"https:\/\/www.seedur.at\/#website","url":"https:\/\/www.seedur.at\/","name":"Sea Major","description":"Choir of the Protestant parish Tsch\u00f6ran","publisher":{"@id":"https:\/\/www.seedur.at\/#organization"},"potentialAction":[{"@type":"SearchAction","target":{"@type":"EntryPoint","urlTemplate":"https:\/\/www.seedur.at\/?s={search_term_string}"},"query-input":{"@type":"PropertyValueSpecification","valueRequired":true,"valueName":"search_term_string"}}],"inLanguage":"en-GB"},{"@type":"Organization","@id":"https:\/\/www.seedur.at\/#organization","name":"See Dur - Choir of the Protestant parish Tsch\u00f6ran at Lake Ossiach","alternateName":"Chor der evangelischen Pfarrgemeinde Tsch\u00f6ran am Ossiacher See","url":"https:\/\/www.seedur.at\/","logo":{"@type":"ImageObject","inLanguage":"en-GB","@id":"https:\/\/www.seedur.at\/#\/schema\/logo\/image\/","url":"https:\/\/www.seedur.at\/wp-content\/uploads\/2023\/10\/See-Dur-2.jpg_compressed.jpg","contentUrl":"https:\/\/www.seedur.at\/wp-content\/uploads\/2023\/10\/See-Dur-2.jpg_compressed.jpg","width":1544,"height":1280,"caption":"See Dur - Chor der evangelischen Pfarrgemeinde Tsch\u00f6ran am Ossiacher See"},"image":{"@id":"https:\/\/www.seedur.at\/#\/schema\/logo\/image\/"}}]}},"_links":{"self":[{"href":"https:\/\/www.seedur.at\/en\/wp-json\/wp\/v2\/pages\/3","targetHints":{"allow":["GET"]}}],"collection":[{"href":"https:\/\/www.seedur.at\/en\/wp-json\/wp\/v2\/pages"}],"about":[{"href":"https:\/\/www.seedur.at\/en\/wp-json\/wp\/v2\/types\/page"}],"author":[{"embeddable":true,"href":"https:\/\/www.seedur.at\/en\/wp-json\/wp\/v2\/users\/1"}],"replies":[{"embeddable":true,"href":"https:\/\/www.seedur.at\/en\/wp-json\/wp\/v2\/comments?post=3"}],"version-history":[{"count":10,"href":"https:\/\/www.seedur.at\/en\/wp-json\/wp\/v2\/pages\/3\/revisions"}],"predecessor-version":[{"id":1894,"href":"https:\/\/www.seedur.at\/en\/wp-json\/wp\/v2\/pages\/3\/revisions\/1894"}],"wp:attachment":[{"href":"https:\/\/www.seedur.at\/en\/wp-json\/wp\/v2\/media?parent=3"}],"curies":[{"name":"wp","href":"https:\/\/api.w.org\/{rel}","templated":true}]}}