{"id":46,"date":"2023-10-15T17:47:14","date_gmt":"2023-10-15T15:47:14","guid":{"rendered":"http:\/\/test.markus-shiatsu.at\/?page_id=46"},"modified":"2026-05-14T20:52:16","modified_gmt":"2026-05-14T18:52:16","slug":"termine","status":"publish","type":"page","link":"https:\/\/www.seedur.at\/en\/termine\/","title":{"rendered":"Dates"},"content":{"rendered":"<div data-elementor-type=\"wp-page\" data-elementor-id=\"46\" class=\"elementor elementor-46\">\n\t\t\t\t<div class=\"elementor-element elementor-element-50b7145 e-flex e-con-boxed e-con e-parent\" data-id=\"50b7145\" data-element_type=\"container\" data-e-type=\"container\" data-settings=\"{&quot;animation&quot;:&quot;none&quot;}\">\n\t\t\t\t\t<div class=\"e-con-inner\">\n\t\t\t\t<div class=\"elementor-element elementor-element-f2e5f67 elementor-widget elementor-widget-image\" data-id=\"f2e5f67\" data-element_type=\"widget\" data-e-type=\"widget\" data-widget_type=\"image.default\">\n\t\t\t\t<div class=\"elementor-widget-container\">\n\t\t\t\t\t\t\t\t\t\t\t\t\t\t\t<img fetchpriority=\"high\" decoding=\"async\" width=\"300\" height=\"169\" src=\"https:\/\/www.seedur.at\/wp-content\/uploads\/2024\/03\/Kalender-1-removebg-preview-300x169.png\" class=\"attachment-medium size-medium wp-image-947\" alt=\"\" srcset=\"https:\/\/www.seedur.at\/wp-content\/uploads\/2024\/03\/Kalender-1-removebg-preview-300x169.png 300w, https:\/\/www.seedur.at\/wp-content\/uploads\/2024\/03\/Kalender-1-removebg-preview.png 666w\" sizes=\"(max-width: 300px) 100vw, 300px\" \/>\t\t\t\t\t\t\t\t\t\t\t\t\t\t\t<\/div>\n\t\t\t\t<\/div>\n\t\t\t\t\t<\/div>\n\t\t\t\t<\/div>\n\t\t<div class=\"elementor-element elementor-element-1f931d8 e-flex e-con-boxed e-con e-parent\" data-id=\"1f931d8\" data-element_type=\"container\" data-e-type=\"container\">\n\t\t\t\t\t<div class=\"e-con-inner\">\n\t\t\t\t<div class=\"elementor-element elementor-element-4a284c8 elementor-widget elementor-widget-heading\" data-id=\"4a284c8\" data-element_type=\"widget\" data-e-type=\"widget\" data-widget_type=\"heading.default\">\n\t\t\t\t<div class=\"elementor-widget-container\">\n\t\t\t\t\t<h2 class=\"elementor-heading-title elementor-size-default\">Upcoming gigs<\/h2>\t\t\t\t<\/div>\n\t\t\t\t<\/div>\n\t\t\t\t\t<\/div>\n\t\t\t\t<\/div>\n\t\t<div class=\"elementor-element elementor-element-8568b6f e-con-full e-flex e-con e-parent\" data-id=\"8568b6f\" data-element_type=\"container\" data-e-type=\"container\">\n\t\t\t\t<div class=\"elementor-element elementor-element-687cae3 elementor-widget elementor-widget-text-editor\" data-id=\"687cae3\" data-element_type=\"widget\" data-e-type=\"widget\" data-widget_type=\"text-editor.default\">\n\t\t\t\t<div class=\"elementor-widget-container\">\n\t\t\t\t\t\t\t\t\t<div style=\"text-align: center;\"><p>Sun, 21.06.2026, Evangelical Church Tsch\u00f6ran,<br \/><b>Ensemble <\/b>Organisation of church services<\/p><p>Sun, 20.09.2026, Evangelical Church Tsch\u00f6ran,<br \/><b>Ensemble<\/b> Organisation of church services<\/p><p>Sun, 18.10.2026, Evangelical Church Tsch\u00f6ran,<br \/><b>Ensemble <\/b>Organisation of church services<br \/><span style=\"font-style: inherit; font-weight: inherit;\"><br \/>Sun, 15.11.2026, Evangelical Church Feffernitz\u00a0<br \/><\/span><span style=\"font-style: inherit; font-weight: inherit;\">Organisation of church services<br \/><br \/><\/span>Sun, 22.11.2026, Evangelical Church Tsch\u00f6ran,<br \/><b>Ensemble<\/b> Organisation of church services<br \/><br \/>Sun, 06.12.2026, Evangelical Church Tsch\u00f6ran,<br \/>Organisation of church services<\/p><\/div>\t\t\t\t\t\t\t\t<\/div>\n\t\t\t\t<\/div>\n\t\t\t\t<\/div>\n\t\t<div class=\"elementor-element elementor-element-0d94762 e-flex e-con-boxed e-con e-parent\" data-id=\"0d94762\" data-element_type=\"container\" data-e-type=\"container\">\n\t\t\t\t\t<div class=\"e-con-inner\">\n\t\t\t\t\t<\/div>\n\t\t\t\t<\/div>\n\t\t<div class=\"elementor-element elementor-element-466cd21 e-flex e-con-boxed e-con e-parent\" data-id=\"466cd21\" data-element_type=\"container\" data-e-type=\"container\">\n\t\t\t\t\t<div class=\"e-con-inner\">\n\t\t\t\t<div class=\"elementor-element elementor-element-ed250b0 elementor-widget elementor-widget-heading\" data-id=\"ed250b0\" data-element_type=\"widget\" data-e-type=\"widget\" data-widget_type=\"heading.default\">\n\t\t\t\t<div class=\"elementor-widget-container\">\n\t\t\t\t\t<h2 class=\"elementor-heading-title elementor-size-default\">Samples<\/h2>\t\t\t\t<\/div>\n\t\t\t\t<\/div>\n\t\t\t\t\t<\/div>\n\t\t\t\t<\/div>\n\t\t<div class=\"elementor-element elementor-element-04d8cd5 e-flex e-con-boxed e-con e-parent\" data-id=\"04d8cd5\" data-element_type=\"container\" data-e-type=\"container\">\n\t\t\t\t\t<div class=\"e-con-inner\">\n\t\t\t\t<div class=\"elementor-element elementor-element-7368e4e elementor-widget elementor-widget-text-editor\" data-id=\"7368e4e\" data-element_type=\"widget\" data-e-type=\"widget\" data-widget_type=\"text-editor.default\">\n\t\t\t\t<div class=\"elementor-widget-container\">\n\t\t\t\t\t\t\t\t\t<p style=\"text-align: center;\">We rehearse every Monday evening from<br>7.26 pm to approx. 9.36 pm in St Joseph's rectory in Villach&nbsp;<br><br><a href=\"\/en\/vergangene-auftritte\/\" style=\"font-style: inherit; font-weight: inherit; background-color: rgb(255, 255, 255);\">Click here for the past performances<\/a><\/p>\t\t\t\t\t\t\t\t<\/div>\n\t\t\t\t<\/div>\n\t\t\t\t\t<\/div>\n\t\t\t\t<\/div>\n\t\t<div class=\"elementor-element elementor-element-7dd946f e-flex e-con-boxed e-con e-parent\" data-id=\"7dd946f\" data-element_type=\"container\" data-e-type=\"container\">\n\t\t\t\t\t<div class=\"e-con-inner\">\n\t\t\t\t\t<\/div>\n\t\t\t\t<\/div>\n\t\t\t\t<\/div>","protected":false},"excerpt":{"rendered":"<p>Kommende Auftritte So, 21.06.2026, Evangelische Kirche Tsch\u00f6ran,Ensemble Gottesdienstgestaltung So, 20.09.2026, Evangelische Kirche Tsch\u00f6ran,Ensemble Gottesdienstgestaltung So, 18.10.2026, Evangelische Kirche Tsch\u00f6ran,Ensemble Gottesdienstgestaltung So, 15.11.2026, Evangelische Kirche Feffernitz\u00a0Gottesdienstgestaltung So, 22.11.2026, Evangelische Kirche Tsch\u00f6ran,Ensemble Gottesdienstgestaltung So, 06.12.2026, Evangelische Kirche Tsch\u00f6ran,Gottesdienstgestaltung Proben Wir proben jeden Montagabend von19.26 Uhr bis ca 21.36 Uhr im Pfarrhaus St. Josef in Villach&nbsp; Hier geht [&hellip;]<\/p>\n","protected":false},"author":1,"featured_media":0,"parent":0,"menu_order":0,"comment_status":"closed","ping_status":"closed","template":"","meta":{"site-sidebar-layout":"no-sidebar","site-content-layout":"","ast-site-content-layout":"full-width-container","site-content-style":"default","site-sidebar-style":"default","ast-global-header-display":"","ast-banner-title-visibility":"","ast-main-header-display":"","ast-hfb-above-header-display":"","ast-hfb-below-header-display":"","ast-hfb-mobile-header-display":"","site-post-title":"disabled","ast-breadcrumbs-content":"","ast-featured-img":"disabled","footer-sml-layout":"","ast-disable-related-posts":"","theme-transparent-header-meta":"","adv-header-id-meta":"","stick-header-meta":"","header-above-stick-meta":"","header-main-stick-meta":"","header-below-stick-meta":"","astra-migrate-meta-layouts":"default","ast-page-background-enabled":"default","ast-page-background-meta":{"desktop":{"background-color":"var(--ast-global-color-4)","background-image":"","background-repeat":"repeat","background-position":"center center","background-size":"auto","background-attachment":"scroll","background-type":"","background-media":"","overlay-type":"","overlay-color":"","overlay-opacity":"","overlay-gradient":""},"tablet":{"background-color":"","background-image":"","background-repeat":"repeat","background-position":"center center","background-size":"auto","background-attachment":"scroll","background-type":"","background-media":"","overlay-type":"","overlay-color":"","overlay-opacity":"","overlay-gradient":""},"mobile":{"background-color":"","background-image":"","background-repeat":"repeat","background-position":"center center","background-size":"auto","background-attachment":"scroll","background-type":"","background-media":"","overlay-type":"","overlay-color":"","overlay-opacity":"","overlay-gradient":""}},"ast-content-background-meta":{"desktop":{"background-color":"var(--ast-global-color-5)","background-image":"","background-repeat":"repeat","background-position":"center center","background-size":"auto","background-attachment":"scroll","background-type":"","background-media":"","overlay-type":"","overlay-color":"","overlay-opacity":"","overlay-gradient":""},"tablet":{"background-color":"var(--ast-global-color-5)","background-image":"","background-repeat":"repeat","background-position":"center center","background-size":"auto","background-attachment":"scroll","background-type":"","background-media":"","overlay-type":"","overlay-color":"","overlay-opacity":"","overlay-gradient":""},"mobile":{"background-color":"var(--ast-global-color-5)","background-image":"","background-repeat":"repeat","background-position":"center center","background-size":"auto","background-attachment":"scroll","background-type":"","background-media":"","overlay-type":"","overlay-color":"","overlay-opacity":"","overlay-gradient":""}},"iawp_total_views":21,"footnotes":""},"class_list":["post-46","page","type-page","status-publish","hentry"],"yoast_head":"<!-- This site is optimized with the Yoast SEO Premium plugin v27.5 (Yoast SEO v27.5) - https:\/\/yoast.com\/product\/yoast-seo-premium-wordpress\/ -->\n<title>Termine - See-Dur<\/title>\n<meta name=\"robots\" content=\"index, follow, max-snippet:-1, max-image-preview:large, max-video-preview:-1\" \/>\n<link rel=\"canonical\" href=\"https:\/\/www.seedur.at\/en\/termine\/\" \/>\n<meta property=\"og:locale\" content=\"en_GB\" \/>\n<meta property=\"og:type\" content=\"article\" \/>\n<meta property=\"og:title\" content=\"Termine\" \/>\n<meta property=\"og:description\" content=\"Kommende Auftritte So, 21.06.2026, Evangelische Kirche Tsch\u00f6ran,Ensemble Gottesdienstgestaltung So, 20.09.2026, Evangelische Kirche Tsch\u00f6ran,Ensemble Gottesdienstgestaltung So, 18.10.2026, Evangelische Kirche Tsch\u00f6ran,Ensemble Gottesdienstgestaltung So, 15.11.2026, Evangelische Kirche Feffernitz\u00a0Gottesdienstgestaltung So, 22.11.2026, Evangelische Kirche Tsch\u00f6ran,Ensemble Gottesdienstgestaltung So, 06.12.2026, Evangelische Kirche Tsch\u00f6ran,Gottesdienstgestaltung Proben Wir proben jeden Montagabend von19.26 Uhr bis ca 21.36 Uhr im Pfarrhaus St. Josef in Villach&nbsp; Hier geht [&hellip;]\" \/>\n<meta property=\"og:url\" content=\"https:\/\/www.seedur.at\/en\/termine\/\" \/>\n<meta property=\"og:site_name\" content=\"See-Dur\" \/>\n<meta property=\"article:modified_time\" content=\"2026-05-14T18:52:16+00:00\" \/>\n<meta property=\"og:image\" content=\"https:\/\/www.seedur.at\/wp-content\/uploads\/2024\/03\/Kalender-1-removebg-preview.png\" \/>\n\t<meta property=\"og:image:width\" content=\"666\" \/>\n\t<meta property=\"og:image:height\" content=\"375\" \/>\n\t<meta property=\"og:image:type\" content=\"image\/png\" \/>\n<script type=\"application\/ld+json\" class=\"yoast-schema-graph\">{\"@context\":\"https:\\\/\\\/schema.org\",\"@graph\":[{\"@type\":\"WebPage\",\"@id\":\"https:\\\/\\\/www.seedur.at\\\/termine\\\/\",\"url\":\"https:\\\/\\\/www.seedur.at\\\/termine\\\/\",\"name\":\"Termine - See-Dur\",\"isPartOf\":{\"@id\":\"https:\\\/\\\/www.seedur.at\\\/#website\"},\"primaryImageOfPage\":{\"@id\":\"https:\\\/\\\/www.seedur.at\\\/termine\\\/#primaryimage\"},\"image\":{\"@id\":\"https:\\\/\\\/www.seedur.at\\\/termine\\\/#primaryimage\"},\"thumbnailUrl\":\"https:\\\/\\\/www.seedur.at\\\/wp-content\\\/uploads\\\/2024\\\/03\\\/Kalender-1-removebg-preview-300x169.png\",\"datePublished\":\"2023-10-15T15:47:14+00:00\",\"dateModified\":\"2026-05-14T18:52:16+00:00\",\"breadcrumb\":{\"@id\":\"https:\\\/\\\/www.seedur.at\\\/termine\\\/#breadcrumb\"},\"inLanguage\":\"en-GB\",\"potentialAction\":[{\"@type\":\"ReadAction\",\"target\":[\"https:\\\/\\\/www.seedur.at\\\/termine\\\/\"]}]},{\"@type\":\"ImageObject\",\"inLanguage\":\"en-GB\",\"@id\":\"https:\\\/\\\/www.seedur.at\\\/termine\\\/#primaryimage\",\"url\":\"https:\\\/\\\/www.seedur.at\\\/wp-content\\\/uploads\\\/2024\\\/03\\\/Kalender-1-removebg-preview-300x169.png\",\"contentUrl\":\"https:\\\/\\\/www.seedur.at\\\/wp-content\\\/uploads\\\/2024\\\/03\\\/Kalender-1-removebg-preview-300x169.png\"},{\"@type\":\"BreadcrumbList\",\"@id\":\"https:\\\/\\\/www.seedur.at\\\/termine\\\/#breadcrumb\",\"itemListElement\":[{\"@type\":\"ListItem\",\"position\":1,\"name\":\"Startseite\",\"item\":\"https:\\\/\\\/www.seedur.at\\\/\"},{\"@type\":\"ListItem\",\"position\":2,\"name\":\"Termine\"}]},{\"@type\":\"WebSite\",\"@id\":\"https:\\\/\\\/www.seedur.at\\\/#website\",\"url\":\"https:\\\/\\\/www.seedur.at\\\/\",\"name\":\"See-Dur\",\"description\":\"Chor der evangelischen Pfarrgemeinde Tsch\u00f6ran\",\"publisher\":{\"@id\":\"https:\\\/\\\/www.seedur.at\\\/#organization\"},\"potentialAction\":[{\"@type\":\"SearchAction\",\"target\":{\"@type\":\"EntryPoint\",\"urlTemplate\":\"https:\\\/\\\/www.seedur.at\\\/?s={search_term_string}\"},\"query-input\":{\"@type\":\"PropertyValueSpecification\",\"valueRequired\":true,\"valueName\":\"search_term_string\"}}],\"inLanguage\":\"en-GB\"},{\"@type\":\"Organization\",\"@id\":\"https:\\\/\\\/www.seedur.at\\\/#organization\",\"name\":\"See Dur - Chor der evangelischen Pfarrgemeinde Tsch\u00f6ran am Ossiacher See\",\"alternateName\":\"Chor der evangelischen Pfarrgemeinde Tsch\u00f6ran am Ossiacher See\",\"url\":\"https:\\\/\\\/www.seedur.at\\\/\",\"logo\":{\"@type\":\"ImageObject\",\"inLanguage\":\"en-GB\",\"@id\":\"https:\\\/\\\/www.seedur.at\\\/#\\\/schema\\\/logo\\\/image\\\/\",\"url\":\"https:\\\/\\\/www.seedur.at\\\/wp-content\\\/uploads\\\/2023\\\/10\\\/See-Dur-2.jpg_compressed.jpg\",\"contentUrl\":\"https:\\\/\\\/www.seedur.at\\\/wp-content\\\/uploads\\\/2023\\\/10\\\/See-Dur-2.jpg_compressed.jpg\",\"width\":1544,\"height\":1280,\"caption\":\"See Dur - Chor der evangelischen Pfarrgemeinde Tsch\u00f6ran am Ossiacher See\"},\"image\":{\"@id\":\"https:\\\/\\\/www.seedur.at\\\/#\\\/schema\\\/logo\\\/image\\\/\"}}]}<\/script>\n<!-- \/ Yoast SEO Premium plugin. -->","yoast_head_json":{"title":"Termine - See-Dur","robots":{"index":"index","follow":"follow","max-snippet":"max-snippet:-1","max-image-preview":"max-image-preview:large","max-video-preview":"max-video-preview:-1"},"canonical":"https:\/\/www.seedur.at\/en\/termine\/","og_locale":"en_GB","og_type":"article","og_title":"Termine","og_description":"Kommende Auftritte So, 21.06.2026, Evangelische Kirche Tsch\u00f6ran,Ensemble Gottesdienstgestaltung So, 20.09.2026, Evangelische Kirche Tsch\u00f6ran,Ensemble Gottesdienstgestaltung So, 18.10.2026, Evangelische Kirche Tsch\u00f6ran,Ensemble Gottesdienstgestaltung So, 15.11.2026, Evangelische Kirche Feffernitz\u00a0Gottesdienstgestaltung So, 22.11.2026, Evangelische Kirche Tsch\u00f6ran,Ensemble Gottesdienstgestaltung So, 06.12.2026, Evangelische Kirche Tsch\u00f6ran,Gottesdienstgestaltung Proben Wir proben jeden Montagabend von19.26 Uhr bis ca 21.36 Uhr im Pfarrhaus St. Josef in Villach&nbsp; Hier geht [&hellip;]","og_url":"https:\/\/www.seedur.at\/en\/termine\/","og_site_name":"See-Dur","article_modified_time":"2026-05-14T18:52:16+00:00","og_image":[{"width":666,"height":375,"url":"https:\/\/www.seedur.at\/wp-content\/uploads\/2024\/03\/Kalender-1-removebg-preview.png","type":"image\/png"}],"schema":{"@context":"https:\/\/schema.org","@graph":[{"@type":"WebPage","@id":"https:\/\/www.seedur.at\/termine\/","url":"https:\/\/www.seedur.at\/termine\/","name":"Termine - See-Dur","isPartOf":{"@id":"https:\/\/www.seedur.at\/#website"},"primaryImageOfPage":{"@id":"https:\/\/www.seedur.at\/termine\/#primaryimage"},"image":{"@id":"https:\/\/www.seedur.at\/termine\/#primaryimage"},"thumbnailUrl":"https:\/\/www.seedur.at\/wp-content\/uploads\/2024\/03\/Kalender-1-removebg-preview-300x169.png","datePublished":"2023-10-15T15:47:14+00:00","dateModified":"2026-05-14T18:52:16+00:00","breadcrumb":{"@id":"https:\/\/www.seedur.at\/termine\/#breadcrumb"},"inLanguage":"en-GB","potentialAction":[{"@type":"ReadAction","target":["https:\/\/www.seedur.at\/termine\/"]}]},{"@type":"ImageObject","inLanguage":"en-GB","@id":"https:\/\/www.seedur.at\/termine\/#primaryimage","url":"https:\/\/www.seedur.at\/wp-content\/uploads\/2024\/03\/Kalender-1-removebg-preview-300x169.png","contentUrl":"https:\/\/www.seedur.at\/wp-content\/uploads\/2024\/03\/Kalender-1-removebg-preview-300x169.png"},{"@type":"BreadcrumbList","@id":"https:\/\/www.seedur.at\/termine\/#breadcrumb","itemListElement":[{"@type":"ListItem","position":1,"name":"Startseite","item":"https:\/\/www.seedur.at\/"},{"@type":"ListItem","position":2,"name":"Termine"}]},{"@type":"WebSite","@id":"https:\/\/www.seedur.at\/#website","url":"https:\/\/www.seedur.at\/","name":"Sea Major","description":"Choir of the Protestant parish Tsch\u00f6ran","publisher":{"@id":"https:\/\/www.seedur.at\/#organization"},"potentialAction":[{"@type":"SearchAction","target":{"@type":"EntryPoint","urlTemplate":"https:\/\/www.seedur.at\/?s={search_term_string}"},"query-input":{"@type":"PropertyValueSpecification","valueRequired":true,"valueName":"search_term_string"}}],"inLanguage":"en-GB"},{"@type":"Organization","@id":"https:\/\/www.seedur.at\/#organization","name":"See Dur - Choir of the Protestant parish Tsch\u00f6ran at Lake Ossiach","alternateName":"Chor der evangelischen Pfarrgemeinde Tsch\u00f6ran am Ossiacher See","url":"https:\/\/www.seedur.at\/","logo":{"@type":"ImageObject","inLanguage":"en-GB","@id":"https:\/\/www.seedur.at\/#\/schema\/logo\/image\/","url":"https:\/\/www.seedur.at\/wp-content\/uploads\/2023\/10\/See-Dur-2.jpg_compressed.jpg","contentUrl":"https:\/\/www.seedur.at\/wp-content\/uploads\/2023\/10\/See-Dur-2.jpg_compressed.jpg","width":1544,"height":1280,"caption":"See Dur - Chor der evangelischen Pfarrgemeinde Tsch\u00f6ran am Ossiacher See"},"image":{"@id":"https:\/\/www.seedur.at\/#\/schema\/logo\/image\/"}}]}},"_links":{"self":[{"href":"https:\/\/www.seedur.at\/en\/wp-json\/wp\/v2\/pages\/46","targetHints":{"allow":["GET"]}}],"collection":[{"href":"https:\/\/www.seedur.at\/en\/wp-json\/wp\/v2\/pages"}],"about":[{"href":"https:\/\/www.seedur.at\/en\/wp-json\/wp\/v2\/types\/page"}],"author":[{"embeddable":true,"href":"https:\/\/www.seedur.at\/en\/wp-json\/wp\/v2\/users\/1"}],"replies":[{"embeddable":true,"href":"https:\/\/www.seedur.at\/en\/wp-json\/wp\/v2\/comments?post=46"}],"version-history":[{"count":307,"href":"https:\/\/www.seedur.at\/en\/wp-json\/wp\/v2\/pages\/46\/revisions"}],"predecessor-version":[{"id":1925,"href":"https:\/\/www.seedur.at\/en\/wp-json\/wp\/v2\/pages\/46\/revisions\/1925"}],"wp:attachment":[{"href":"https:\/\/www.seedur.at\/en\/wp-json\/wp\/v2\/media?parent=46"}],"curies":[{"name":"wp","href":"https:\/\/api.w.org\/{rel}","templated":true}]}}